{"id":7,"date":"2019-01-18T09:20:50","date_gmt":"2019-01-18T08:20:50","guid":{"rendered":"http:\/\/wp1153564.server-he.de\/index.php\/impressum\/"},"modified":"2019-01-18T09:20:50","modified_gmt":"2019-01-18T08:20:50","slug":"impressum","status":"publish","type":"page","link":"https:\/\/www.fewo-bernhard-baur.de\/index.php\/impressum\/","title":{"rendered":"Impressum"},"content":{"rendered":"<article class=\"art-post\">\n<div class=\"art-postcontent clearfix\">\n<div class=\"art-article\">\n<p><span style=\"color: #000000;\"><b>Diese Seite wird betrieben von<\/b><\/span><\/p>\n<p>\u00a0<\/p>\n<\/div>\n<div class=\"art-article\">\n<p>Monika Baur<\/p>\n<p>Am Kurpark 15<\/p>\n<p>79872 Bernau im Schwarzwald<\/p>\n<p>\u00a0<\/p>\n<p>Tel. 07675\/921996<\/p>\n<p>e-mail: <a>monikabaur296@t-online.de<\/a><\/p>\n<p><br style=\"color: #000000;\" \/><\/p>\n<p>\u00a0<\/p>\n<p><span style=\"color: #000000;\"><b>Disclaimer:<\/b><\/span><\/p>\n<p><span style=\"color: #000000;\">&#8222;Diese Website benutzt Google\u2122 Analytics, einen Webanalysedienst der Google Inc. (&#8222;Google&#8220;). Google Analytics verwendet sog. &#8222;Cookies&#8220;, Textdateien, die auf Ihrem Computer gespeichert werden und die eine Analyse der Benutzung der Website durch Sie erm\u00f6glichen. Die durch den Cookie erzeugten Informationen \u00fcber Ihre Benutzung dieser Website (einschlie\u00dflich Ihrer IP-Adresse) wird an einen Server von Google in den USA \u00fcbertragen und dort gespeichert. Google wird diese Informationen benutzen, um Ihre Nutzung der Website auszuwerten, um Reports \u00fcber die Websiteaktivit\u00e4ten f\u00fcr die Websitebetreiber zusammenzustellen und um weitere mit der Websitenutzung und der Internetnutzung verbundene Dienstleistungen zu erbringen. Auch wird Google diese Informationen gegebenenfalls an Dritte \u00fcbertragen, sofern dies gesetzlich vorgeschrieben oder soweit Dritte diese Daten im Auftrag von Google verarbeiten. Google wird in keinem Fall Ihre IP-Adresse mit anderen Daten von Google in Verbindung bringen. Sie k\u00f6nnen die Installation der Cookies durch eine entsprechende Einstellung Ihrer Browser Software verhindern; wir weisen Sie jedoch darauf hin, dass Sie in diesem Fall gegebenenfalls nicht s\u00e4mtliche Funktionen dieser Website vollumf\u00e4nglich nutzen k\u00f6nnen. Durch die Nutzung dieser Website erkl\u00e4ren Sie sich mit der Bearbeitung der \u00fcber Sie erhobenen Daten durch Google in der zuvor beschriebenen Art und Weise und zu dem zuvor benannten Zweck einverstanden.&#8220;<\/span><\/p>\n<p><span style=\"color: #000000;\"><b>Inhalt des Onlineangebotes<\/p>\n<p> <\/b>Haftungsanspr\u00fcche gegen die Linkseite der oben aufgef\u00fchrten Domains, die sich auf Sch\u00e4den materieller oder ideeller Art beziehen, welche durch die Nutzung oder Nichtnutzung der dargebotenen Informationen bzw. durch die Nutzung fehlerhafter und unvollst\u00e4ndiger Informationen verursacht wurden sind grunds\u00e4tzlich ausgeschlossen. Die Linkseite der oben aufgef\u00fchrten Domains beh\u00e4lt es sich ausdr\u00fccklich vor, Teile der Seiten oder das gesamte Angebot ohne gesonderte Ank\u00fcndigung zu ver\u00e4ndern, zu erg\u00e4nzen, zu l\u00f6schen oder die Ver\u00f6ffentlichung zeitweise oder endg\u00fcltig einzustellen.<\/span><\/p>\n<p><span style=\"color: #000000;\">Ich m\u00f6chte hiermit versichern, dass eventuell auf Fotos dargestellte Personen aus keinerlei negativen oder anderen boshaften Beweggr\u00fcnden fotografiert wurden. Wenn Sie sich selbst auf einem der Fotos wiederfinden und, aus welchen Gr\u00fcnden auch immer, gegen eine<br \/> Ver\u00f6ffentlichung sind, schicken Sie mir bitte ein entsprechendes E-Mail, damit ich das betroffene Bild wieder herausnehmen kann.<\/p>\n<p><b>Rechte auf Fotos<\/p>\n<p> <\/b>Die Rechte f\u00fcr die auf unserer Website pr\u00e4sentierten Fotografien liegen ausschlie\u00dflich bei den Fotografen selbst. Durch die Ver\u00f6ffentlichung auf meiner Website erkl\u00e4re ich mich nicht automatisch damit einverstanden, dass Fotos in irgendeiner Form und ohne Zustimmung der Fotografen weiterverwendet werden d\u00fcrfen.<\/span><\/p>\n<p><span style=\"color: #000000;\"><b>Verweise und Links<\/p>\n<p> <\/b>Ich habe auf meinen Seiten Links zu anderen Seiten im Internet gelegt. F\u00fcr all diese Links gilt: Ich m\u00f6chte ausdr\u00fccklich betonen, dass ich keinerlei Einfluss auf die Gestaltung und die Inhalte der gelinkten Seiten habe. Deshalb distanziere ich mich hiermit ausdr\u00fccklich von allen Inhalten aller gelinkten Seiten auf den Seiten der oben aufgef\u00fchrten Domains. Und ich mache mir deren Inhalte nicht zu Eigen. Diese Erkl\u00e4rung gilt f\u00fcr alle auf unserer Seite angebrachten Links und f\u00fcr alle Inhalte der Seiten, zu denen die Banner f\u00fchren. Ich berichte auf meinen Seiten ausschlie\u00dflich \u00fcber Internetseiten und deren Informationen die jedermann frei zug\u00e4nglich sind. F\u00fcr dar\u00fcber hinausgehende Inhalte und insbesondere f\u00fcr Sch\u00e4den, die aus der Nutzung oder Nichtnutzung solcherart dargebotener Informationen entstehen, haftet allein der Anbieter derjenigen Seiten, nicht derjenige, der \u00fcber Links auf die jeweilige Ver\u00f6ffentlichung lediglich hinweist. Diese Einschr\u00e4nkung gilt gleicherma\u00dfen auch f\u00fcr Fremdeintr\u00e4ge in meinem G\u00e4stebuch.<\/span><\/p>\n<p><span style=\"color: #000000;\"><b>Rechtswirksamkeit dieses Haftungsausschlusses<\/p>\n<p> <\/b>Dieser Haftungsausschluss ist als Teil meines Internetangebotes zu betrachten. Sofern Teile oder einzelne Formulierungen dieses Textes der geltenden Rechtslage nicht, nicht mehr oder nicht vollst\u00e4ndig entsprechen sollten, bleiben die \u00fcbrigen Teile des Dokumentes in ihrem Inhalt und ihrer G\u00fcltigkeit davon unber\u00fchrt.<\/p>\n<p> Alle verwendeten Markennamen &amp; Warenzeichen sind Eigentum der jeweiligen Firmen. F\u00fcr die Richtigkeit meiner Angaben kann ich keine Haftung \u00fcbernehmen, sollte mir ein Fehlern unterlaufen sein bei der Kennzeichnung, benachrichtigen Sie mich bitte.<\/span><\/p>\n<p><span style=\"color: #000000;\"><br \/> Falls sie dieser Vereinbarung nicht zustimmen, m\u00fcssen sie diese Seiten verlassen.<\/span><\/p>\n<p><a style=\"text-decoration: none;\" href=\"http:\/\/www.ferienbauernhof-buechele.de\/index.php\/lopid-da-40\">.<\/a><\/div>\n<\/div>\n<\/article>\n","protected":false},"excerpt":{"rendered":"<p>Diese Seite wird betrieben von \u00a0 Monika Baur Am Kurpark 15 79872 Bernau im Schwarzwald \u00a0 Tel. 07675\/921996 e-mail: monikabaur296@t-online.de \u00a0 Disclaimer: &#8222;Diese Website benutzt Google\u2122 Analytics, einen Webanalysedienst der Google Inc. (&#8222;Google&#8220;). Google Analytics verwendet sog. &#8222;Cookies&#8220;, Textdateien, die auf Ihrem Computer gespeichert werden und die eine Analyse der Benutzung der Website durch Sie [&hellip;]<\/p>\n","protected":false},"author":1,"featured_media":0,"parent":0,"menu_order":1,"comment_status":"closed","ping_status":"closed","template":"","meta":{"footnotes":""},"class_list":["post-7","page","type-page","status-publish","hentry","entry"],"_links":{"self":[{"href":"https:\/\/www.fewo-bernhard-baur.de\/index.php\/wp-json\/wp\/v2\/pages\/7","targetHints":{"allow":["GET"]}}],"collection":[{"href":"https:\/\/www.fewo-bernhard-baur.de\/index.php\/wp-json\/wp\/v2\/pages"}],"about":[{"href":"https:\/\/www.fewo-bernhard-baur.de\/index.php\/wp-json\/wp\/v2\/types\/page"}],"author":[{"embeddable":true,"href":"https:\/\/www.fewo-bernhard-baur.de\/index.php\/wp-json\/wp\/v2\/users\/1"}],"replies":[{"embeddable":true,"href":"https:\/\/www.fewo-bernhard-baur.de\/index.php\/wp-json\/wp\/v2\/comments?post=7"}],"version-history":[{"count":0,"href":"https:\/\/www.fewo-bernhard-baur.de\/index.php\/wp-json\/wp\/v2\/pages\/7\/revisions"}],"wp:attachment":[{"href":"https:\/\/www.fewo-bernhard-baur.de\/index.php\/wp-json\/wp\/v2\/media?parent=7"}],"curies":[{"name":"wp","href":"https:\/\/api.w.org\/{rel}","templated":true}]}}