{"id":4,"date":"2019-01-17T17:20:49","date_gmt":"2019-01-17T16:20:49","guid":{"rendered":"http:\/\/wp1153564.server-he.de\/index.php\/preise\/"},"modified":"2022-11-14T11:33:20","modified_gmt":"2022-11-14T10:33:20","slug":"preise","status":"publish","type":"page","link":"https:\/\/www.fewo-bernhard-baur.de\/index.php\/preise\/","title":{"rendered":"Preise"},"content":{"rendered":"<p><strong>Preise<\/strong><\/p>\n<table style=\"width: 331px; height: 185px;\">\n<tbody>\n<tr>\n<td style=\"width: 238px;\" colspan=\"2\">Preis pro Tag max. 2 Personen<\/td>\n<\/tr>\n<tr>\n<td style=\"width: 144.383px;\">50,00\u00a0\u20ac bis 52,00 \u20ac<\/td>\n<td style=\"width: 93.6167px;\"><\/td>\n<\/tr>\n<tr>\n<td style=\"width: 144.383px;\">neue Preise ab 01.01.2023<\/td>\n<td style=\"width: 93.6167px;\"><\/td>\n<\/tr>\n<tr>\n<td style=\"width: 238px;\" colspan=\"2\">59,00 \u20ac bis 64,00 \u20ac Preis pro Tag (f\u00fcr max. 2 Personen)<\/td>\n<\/tr>\n<tr>\n<td style=\"width: 144.383px;\"><\/td>\n<td style=\"width: 93.6167px;\"><\/td>\n<\/tr>\n<\/tbody>\n<\/table>\n<p>*Tagespreis bei Aufenthalt ab 7 Tagen, Preiszuschlag bei Kurzaufenthalten<\/p>\n<div class=\"eip_imgtext_container\" style=\"margin-top: 8px;\">Preise zzgl. Kurtaxe<\/div>\n<div class=\"eip_imgtext_container\" style=\"margin-top: 8px;\">Die Kurtaxe wird in konzessionierte Betrieben, Ferienwohnungen, Privatzimmern, H\u00fctten und G\u00e4steh\u00e4user (Schullandheime) erhoben. Die <b>Kurtaxe der Gemeinde Bernau<\/b> im Schwarzwald bertr\u00e4gt f\u00fcr <b>Erwachsene und Jugendliche<\/b> vom &#8211; &#8211; 14. Geburtstag an: 2,50 Euro pro Person und Aufenthaltstag.<br \/>\n&#8211; f\u00fcr <b>Kinder <\/b>im Alter von 6. bis 13. Jahren: 1,00 Euro.<br \/>\n&#8211; Kinder bis zum 5. Lebensjahr sind von der Kurtaxe befreit.<\/p>\n<p>Personen, die sich aus <b>beruflichen Gr\u00fcnden<\/b> zur Teilnahme an Tagungen oder sonstigen Veranstaltungen in der Gemeinde aufhalten, sind f\u00fcr den ersten Tag des Aufenthaltes von der Kurtaxe befreit. Nachweis muss der G\u00e4steanmeldung beigef\u00fcgt werden.<\/p>\n<\/div>\n","protected":false},"excerpt":{"rendered":"<p>Preise Preis pro Tag max. 2 Personen 50,00\u00a0\u20ac bis 52,00 \u20ac neue Preise ab 01.01.2023 59,00 \u20ac bis 64,00 \u20ac Preis pro Tag (f\u00fcr max. 2 Personen) *Tagespreis bei Aufenthalt ab 7 Tagen, Preiszuschlag bei Kurzaufenthalten Preise zzgl. Kurtaxe Die Kurtaxe wird in konzessionierte Betrieben, Ferienwohnungen, Privatzimmern, H\u00fctten und G\u00e4steh\u00e4user (Schullandheime) erhoben. Die Kurtaxe der [&hellip;]<\/p>\n","protected":false},"author":1,"featured_media":0,"parent":0,"menu_order":4,"comment_status":"closed","ping_status":"closed","template":"","meta":{"footnotes":""},"class_list":["post-4","page","type-page","status-publish","hentry","entry"],"_links":{"self":[{"href":"https:\/\/www.fewo-bernhard-baur.de\/index.php\/wp-json\/wp\/v2\/pages\/4","targetHints":{"allow":["GET"]}}],"collection":[{"href":"https:\/\/www.fewo-bernhard-baur.de\/index.php\/wp-json\/wp\/v2\/pages"}],"about":[{"href":"https:\/\/www.fewo-bernhard-baur.de\/index.php\/wp-json\/wp\/v2\/types\/page"}],"author":[{"embeddable":true,"href":"https:\/\/www.fewo-bernhard-baur.de\/index.php\/wp-json\/wp\/v2\/users\/1"}],"replies":[{"embeddable":true,"href":"https:\/\/www.fewo-bernhard-baur.de\/index.php\/wp-json\/wp\/v2\/comments?post=4"}],"version-history":[{"count":2,"href":"https:\/\/www.fewo-bernhard-baur.de\/index.php\/wp-json\/wp\/v2\/pages\/4\/revisions"}],"predecessor-version":[{"id":41,"href":"https:\/\/www.fewo-bernhard-baur.de\/index.php\/wp-json\/wp\/v2\/pages\/4\/revisions\/41"}],"wp:attachment":[{"href":"https:\/\/www.fewo-bernhard-baur.de\/index.php\/wp-json\/wp\/v2\/media?parent=4"}],"curies":[{"name":"wp","href":"https:\/\/api.w.org\/{rel}","templated":true}]}}