{"id":2,"date":"2019-01-17T17:09:39","date_gmt":"2019-01-17T16:09:39","guid":{"rendered":"http:\/\/wp1153564.server-he.de\/index.php\/unser-haus\/"},"modified":"2019-01-17T17:09:39","modified_gmt":"2019-01-17T16:09:39","slug":"unser-haus","status":"publish","type":"page","link":"http:\/\/www.fewo-bernhard-baur.de\/index.php\/unser-haus\/","title":{"rendered":"unser Haus"},"content":{"rendered":"<p><strong>Unser Haus<\/strong><\/p>\n<p>\u00a0<\/p>\n<p>Willkommen im sonnen verw\u00f6hnten Bernauer Hochtal, welches ideale Bedingungen f\u00fcr einen erholsamen Urlaub bietet.<\/p>\n<p><!--more--><\/p>\n<p>\u00a0<\/p>\n<p>Unser 1997 neu erbautes Holzhaus liegt im Ortsteil Innerlehen (kein Durchgangsverkehr), die Ferienwohnung befindet sich im 1. OG auf der Westseite.<\/p>\n<p>In der N\u00e4he befindet sich eine B\u00e4ckerei, Restaurants, der Kurpark mit einer Wassertretstelle, Kinderspielplatz, Tennispl\u00e4tze, Loipen und Skilifte.<br \/> Des Weiteren liegt das Haus zentral am Ausgangspunkt f\u00fcr viele Spazier- und Wander-Wege.<\/p>\n<p>\u00a0<\/p>\n<p>Die Ferienwohnung ist klassifiziert und nach der Bewertung des Deutschen Tourismusverbandes mit 4 Sternen ausgezeichnet.<\/p>\n<p>\u00a0<\/p>\n<p><img loading=\"lazy\" decoding=\"async\" src=\"images\/unserHaus\/Bild-034.jpg\" width=\"400\" height=\"300\" \/> <img decoding=\"async\" src=\"images\/unserHaus\/Haus-Mrz-06.jpg\" width=\"400\" \/> <img decoding=\"async\" src=\"images\/unserHaus\/Bild-029.jpg\" width=\"400\" \/> <img decoding=\"async\" src=\"images\/unserHaus\/Haus-von-aussen-009.jpg\" width=\"400\" \/> <img decoding=\"async\" src=\"images\/unserHaus\/Bild-102.jpg\" width=\"400\" \/> <img decoding=\"async\" src=\"images\/unserHaus\/Bild-072.jpg\" width=\"400\" \/><\/p>\n<p>\u00a0<\/p>\n<p>\u00a0<\/p>\n","protected":false},"excerpt":{"rendered":"<p>Unser Haus \u00a0 Willkommen im sonnen verw\u00f6hnten Bernauer Hochtal, welches ideale Bedingungen f\u00fcr einen erholsamen Urlaub bietet.<\/p>\n","protected":false},"author":1,"featured_media":0,"parent":0,"menu_order":6,"comment_status":"closed","ping_status":"closed","template":"","meta":{"footnotes":""},"class_list":["post-2","page","type-page","status-publish","hentry","entry"],"_links":{"self":[{"href":"http:\/\/www.fewo-bernhard-baur.de\/index.php\/wp-json\/wp\/v2\/pages\/2","targetHints":{"allow":["GET"]}}],"collection":[{"href":"http:\/\/www.fewo-bernhard-baur.de\/index.php\/wp-json\/wp\/v2\/pages"}],"about":[{"href":"http:\/\/www.fewo-bernhard-baur.de\/index.php\/wp-json\/wp\/v2\/types\/page"}],"author":[{"embeddable":true,"href":"http:\/\/www.fewo-bernhard-baur.de\/index.php\/wp-json\/wp\/v2\/users\/1"}],"replies":[{"embeddable":true,"href":"http:\/\/www.fewo-bernhard-baur.de\/index.php\/wp-json\/wp\/v2\/comments?post=2"}],"version-history":[{"count":0,"href":"http:\/\/www.fewo-bernhard-baur.de\/index.php\/wp-json\/wp\/v2\/pages\/2\/revisions"}],"wp:attachment":[{"href":"http:\/\/www.fewo-bernhard-baur.de\/index.php\/wp-json\/wp\/v2\/media?parent=2"}],"curies":[{"name":"wp","href":"https:\/\/api.w.org\/{rel}","templated":true}]}}